{"id":2157,"date":"2018-08-14T11:14:26","date_gmt":"2018-08-14T11:14:26","guid":{"rendered":"http:\/\/www.hwv-ammerbuch.de\/?page_id=2157"},"modified":"2018-08-14T11:29:50","modified_gmt":"2018-08-14T11:29:50","slug":"mitglied-werden","status":"publish","type":"page","link":"https:\/\/www.hwv-ammerbuch.de\/?page_id=2157","title":{"rendered":"Mitglied werden"},"content":{"rendered":"<p>Sch\u00f6n, dass Sie sich f\u00fcr eine Mitgliedschaft im Heimat- und Wanderverein interessieren. Nachfolgend finden Sie die entsprechenden Antr\u00e4ge.<\/p>\n<ul>\n<li><a style=\"font-style: normal; font-weight: normal;\" href=\"http:\/\/www.hwv-ammerbuch.de\/wp-content\/uploads\/2018\/08\/Beitrittserklaerung.pdf\">Mitglied werden<\/a><\/li>\n<li>\n<p style=\"display: inline !important;\"><a href=\"http:\/\/www.hwv-ammerbuch.de\/wp-content\/uploads\/2018\/08\/SEPA-Kombi-Mandat_2016.pdf\">Einzugserm\u00e4chtigung und SEPA-Lastschriftmandat<\/a><\/p>\n<\/li>\n<\/ul>\n<p>&nbsp;<\/p>\n<h2>\u00c4nderungen einer bestehenden Mitgliedschaft:<\/h2>\n<ul>\n<li><a style=\"font-style: normal; font-weight: 300;\" href=\"http:\/\/www.hwv-ammerbuch.de\/wp-content\/uploads\/2018\/08\/Mitglied_\u00c4nderung_2018-neu.pdf\">Erg\u00e4nzung der Mitgliedschaft um weitere Familienmitglieder<\/a><\/li>\n<li><a style=\"font-weight: 300;\" href=\"http:\/\/www.hwv-ammerbuch.de\/wp-content\/uploads\/2018\/08\/Familienmitglied_zum_Mitglied_2018-neu.pdf\">Vom Familienmitglied zum Mitglied<\/a><\/li>\n<li><a href=\"http:\/\/www.hwv-ammerbuch.de\/wp-content\/uploads\/2018\/08\/SEPA-Kombi-Mandat_2016.pdf\">Einzugserm\u00e4chtigung und SEPA-Lastschriftmandat<\/a><\/li>\n<\/ul>\n","protected":false},"excerpt":{"rendered":"<p>Sch\u00f6n, dass Sie sich f\u00fcr eine Mitgliedschaft im Heimat- und Wanderverein interessieren. Nachfolgend finden Sie die entsprechenden Antr\u00e4ge. Mitglied werden Einzugserm\u00e4chtigung und SEPA-Lastschriftmandat &nbsp; \u00c4nderungen einer bestehenden Mitgliedschaft: Erg\u00e4nzung der Mitgliedschaft um weitere Familienmitglieder Vom Familienmitglied zum Mitglied Einzugserm\u00e4chtigung und SEPA-Lastschriftmandat<\/p>\n","protected":false},"author":1,"featured_media":0,"parent":0,"menu_order":0,"comment_status":"closed","ping_status":"closed","template":"","meta":{"footnotes":""},"class_list":["post-2157","page","type-page","status-publish","hentry","no-thumb"],"_links":{"self":[{"href":"https:\/\/www.hwv-ammerbuch.de\/index.php?rest_route=\/wp\/v2\/pages\/2157","targetHints":{"allow":["GET"]}}],"collection":[{"href":"https:\/\/www.hwv-ammerbuch.de\/index.php?rest_route=\/wp\/v2\/pages"}],"about":[{"href":"https:\/\/www.hwv-ammerbuch.de\/index.php?rest_route=\/wp\/v2\/types\/page"}],"author":[{"embeddable":true,"href":"https:\/\/www.hwv-ammerbuch.de\/index.php?rest_route=\/wp\/v2\/users\/1"}],"replies":[{"embeddable":true,"href":"https:\/\/www.hwv-ammerbuch.de\/index.php?rest_route=%2Fwp%2Fv2%2Fcomments&post=2157"}],"version-history":[{"count":7,"href":"https:\/\/www.hwv-ammerbuch.de\/index.php?rest_route=\/wp\/v2\/pages\/2157\/revisions"}],"predecessor-version":[{"id":2171,"href":"https:\/\/www.hwv-ammerbuch.de\/index.php?rest_route=\/wp\/v2\/pages\/2157\/revisions\/2171"}],"wp:attachment":[{"href":"https:\/\/www.hwv-ammerbuch.de\/index.php?rest_route=%2Fwp%2Fv2%2Fmedia&parent=2157"}],"curies":[{"name":"wp","href":"https:\/\/api.w.org\/{rel}","templated":true}]}}