{"id":3397,"date":"2025-06-21T19:22:51","date_gmt":"2025-06-21T19:22:51","guid":{"rendered":"https:\/\/www.hwv-ammerbuch.de\/?page_id=3397"},"modified":"2025-11-15T14:30:13","modified_gmt":"2025-11-15T14:30:13","slug":"vermietung","status":"publish","type":"page","link":"http:\/\/www.hwv-ammerbuch.de\/?page_id=3397","title":{"rendered":"Vermietung Palmbergh\u00fctte"},"content":{"rendered":"\n<p>Sie suchen den idealen Ort f\u00fcr eine Familienfeier, ein Treffen mit Freunden oder eine besondere Veranstaltung? Unsere gem\u00fctliche H\u00fctte steht Ihnen zur Verf\u00fcgung! Mit Platz f\u00fcr ca. 50 Personen bietet sie ausreichend Raum f\u00fcr gesellige Stunden. Die Terrasse l\u00e4dt zum Verweilen im Freien ein, w\u00e4hrend die Grillstelle perfekt f\u00fcr ein gemeinsames Barbecue ist. F\u00fcr die kleinen G\u00e4ste gibt es einen Spielplatz, auf dem sie sich austoben k\u00f6nnen. Mieten Sie unsere H\u00fctte und erleben Sie unvergessliche Momente in sch\u00f6ner Umgebung \u2013 wir freuen uns auf Ihre Anfrage!<\/p>\n\n\n\n<p><strong>F\u00fcr das Jahr 2027 werden <strong>Anfragen zur H\u00fcttenvermietung <\/strong>erst ab September 2026 angenommen.<\/strong><\/p>\n\n\n\n<p class=\"has-vivid-red-color has-text-color has-background\" style=\"background-color:#fce3e9\"><strong>Anfragen zur H\u00fcttenvermietung bitte direkt telefonisch an Frau Gabriele Schmid:<\/strong><br><strong>18 &#8211; 21 Uhr unter Tel. 0176\/72166295 oder 07478\/411.<\/strong><\/p>\n\n\n\n<p><\/p>\n\n\n\n<p class=\"has-text-color has-medium-font-size\" style=\"color:#72b446\"><strong><a href=\"http:\/\/www.hwv-ammerbuch.de\/wp-content\/uploads\/2023\/02\/huette_vermietung_102022.pdf\" data-type=\"attachment\" data-id=\"3084\" target=\"_blank\" rel=\"noreferrer noopener\">\u2192 Infos zur Vermietung (PDF)<\/a><\/strong><\/p>\n\n\n\n<figure class=\"wp-block-gallery has-nested-images columns-2 is-cropped wp-block-gallery-1 is-layout-flex wp-block-gallery-is-layout-flex\">\n<figure class=\"wp-block-image size-large is-style-default\"><img loading=\"lazy\" decoding=\"async\" width=\"480\" height=\"320\" data-id=\"1469\" src=\"http:\/\/www.hwv-ammerbuch.de\/wp-content\/uploads\/2014\/12\/IMG_3844.jpg\" alt=\"\" class=\"wp-image-1469\" srcset=\"http:\/\/www.hwv-ammerbuch.de\/wp-content\/uploads\/2014\/12\/IMG_3844.jpg 480w, http:\/\/www.hwv-ammerbuch.de\/wp-content\/uploads\/2014\/12\/IMG_3844-300x200.jpg 300w, http:\/\/www.hwv-ammerbuch.de\/wp-content\/uploads\/2014\/12\/IMG_3844-450x300.jpg 450w\" sizes=\"auto, (max-width: 480px) 100vw, 480px\" \/><\/figure>\n\n\n\n<figure class=\"wp-block-image size-large is-style-default\"><img loading=\"lazy\" decoding=\"async\" width=\"480\" height=\"320\" data-id=\"1468\" src=\"http:\/\/www.hwv-ammerbuch.de\/wp-content\/uploads\/2014\/12\/IMG_3861_RAW.jpg\" alt=\"\" class=\"wp-image-1468\" srcset=\"http:\/\/www.hwv-ammerbuch.de\/wp-content\/uploads\/2014\/12\/IMG_3861_RAW.jpg 480w, http:\/\/www.hwv-ammerbuch.de\/wp-content\/uploads\/2014\/12\/IMG_3861_RAW-300x200.jpg 300w, http:\/\/www.hwv-ammerbuch.de\/wp-content\/uploads\/2014\/12\/IMG_3861_RAW-450x300.jpg 450w\" sizes=\"auto, (max-width: 480px) 100vw, 480px\" \/><\/figure>\n\n\n\n<figure class=\"wp-block-image size-large is-style-default\"><img loading=\"lazy\" decoding=\"async\" width=\"1024\" height=\"768\" data-id=\"3102\" src=\"http:\/\/www.hwv-ammerbuch.de\/wp-content\/uploads\/2023\/03\/Gastraum-1024x768.jpg\" alt=\"\" class=\"wp-image-3102\" srcset=\"http:\/\/www.hwv-ammerbuch.de\/wp-content\/uploads\/2023\/03\/Gastraum-1024x768.jpg 1024w, http:\/\/www.hwv-ammerbuch.de\/wp-content\/uploads\/2023\/03\/Gastraum-300x225.jpg 300w, http:\/\/www.hwv-ammerbuch.de\/wp-content\/uploads\/2023\/03\/Gastraum-768x576.jpg 768w, http:\/\/www.hwv-ammerbuch.de\/wp-content\/uploads\/2023\/03\/Gastraum.jpg 1500w\" sizes=\"auto, (max-width: 1024px) 100vw, 1024px\" \/><\/figure>\n\n\n\n<figure class=\"wp-block-image size-large is-style-default\"><img loading=\"lazy\" decoding=\"async\" width=\"1024\" height=\"768\" data-id=\"3103\" src=\"http:\/\/www.hwv-ammerbuch.de\/wp-content\/uploads\/2023\/03\/Nebenzimmer-1024x768.jpg\" alt=\"\" class=\"wp-image-3103\" srcset=\"http:\/\/www.hwv-ammerbuch.de\/wp-content\/uploads\/2023\/03\/Nebenzimmer-1024x768.jpg 1024w, http:\/\/www.hwv-ammerbuch.de\/wp-content\/uploads\/2023\/03\/Nebenzimmer-300x225.jpg 300w, http:\/\/www.hwv-ammerbuch.de\/wp-content\/uploads\/2023\/03\/Nebenzimmer-768x576.jpg 768w, http:\/\/www.hwv-ammerbuch.de\/wp-content\/uploads\/2023\/03\/Nebenzimmer.jpg 1500w\" sizes=\"auto, (max-width: 1024px) 100vw, 1024px\" \/><\/figure>\n\n\n\n<figure class=\"wp-block-image size-large is-style-default\"><img loading=\"lazy\" decoding=\"async\" width=\"1024\" height=\"768\" data-id=\"3105\" src=\"http:\/\/www.hwv-ammerbuch.de\/wp-content\/uploads\/2023\/03\/Theke-1-1024x768.jpg\" alt=\"\" class=\"wp-image-3105\" srcset=\"http:\/\/www.hwv-ammerbuch.de\/wp-content\/uploads\/2023\/03\/Theke-1-1024x768.jpg 1024w, http:\/\/www.hwv-ammerbuch.de\/wp-content\/uploads\/2023\/03\/Theke-1-300x225.jpg 300w, http:\/\/www.hwv-ammerbuch.de\/wp-content\/uploads\/2023\/03\/Theke-1-768x576.jpg 768w, http:\/\/www.hwv-ammerbuch.de\/wp-content\/uploads\/2023\/03\/Theke-1.jpg 1500w\" sizes=\"auto, (max-width: 1024px) 100vw, 1024px\" \/><\/figure>\n\n\n\n<figure class=\"wp-block-image size-large is-style-default\"><img loading=\"lazy\" decoding=\"async\" width=\"1024\" height=\"768\" data-id=\"3100\" src=\"http:\/\/www.hwv-ammerbuch.de\/wp-content\/uploads\/2023\/03\/Aussen4-1024x768.jpg\" alt=\"\" class=\"wp-image-3100\" srcset=\"http:\/\/www.hwv-ammerbuch.de\/wp-content\/uploads\/2023\/03\/Aussen4-1024x768.jpg 1024w, http:\/\/www.hwv-ammerbuch.de\/wp-content\/uploads\/2023\/03\/Aussen4-300x225.jpg 300w, http:\/\/www.hwv-ammerbuch.de\/wp-content\/uploads\/2023\/03\/Aussen4-768x576.jpg 768w, http:\/\/www.hwv-ammerbuch.de\/wp-content\/uploads\/2023\/03\/Aussen4.jpg 1500w\" sizes=\"auto, (max-width: 1024px) 100vw, 1024px\" \/><\/figure>\n\n\n\n<figure class=\"wp-block-image size-large is-style-default\"><img loading=\"lazy\" decoding=\"async\" width=\"1024\" height=\"767\" data-id=\"3101\" src=\"http:\/\/www.hwv-ammerbuch.de\/wp-content\/uploads\/2023\/03\/DJI_0643-1024x767.jpg\" alt=\"\" class=\"wp-image-3101\" srcset=\"http:\/\/www.hwv-ammerbuch.de\/wp-content\/uploads\/2023\/03\/DJI_0643-1024x767.jpg 1024w, http:\/\/www.hwv-ammerbuch.de\/wp-content\/uploads\/2023\/03\/DJI_0643-300x225.jpg 300w, http:\/\/www.hwv-ammerbuch.de\/wp-content\/uploads\/2023\/03\/DJI_0643-768x575.jpg 768w, http:\/\/www.hwv-ammerbuch.de\/wp-content\/uploads\/2023\/03\/DJI_0643.jpg 1500w\" sizes=\"auto, (max-width: 1024px) 100vw, 1024px\" \/><\/figure>\n\n\n\n<figure class=\"wp-block-image size-large is-style-default\"><img loading=\"lazy\" decoding=\"async\" width=\"1024\" height=\"683\" data-id=\"3104\" src=\"http:\/\/www.hwv-ammerbuch.de\/wp-content\/uploads\/2023\/03\/P6270007-1-1024x683.jpg\" alt=\"\" class=\"wp-image-3104\" srcset=\"http:\/\/www.hwv-ammerbuch.de\/wp-content\/uploads\/2023\/03\/P6270007-1-1024x683.jpg 1024w, http:\/\/www.hwv-ammerbuch.de\/wp-content\/uploads\/2023\/03\/P6270007-1-300x200.jpg 300w, http:\/\/www.hwv-ammerbuch.de\/wp-content\/uploads\/2023\/03\/P6270007-1-768x512.jpg 768w, http:\/\/www.hwv-ammerbuch.de\/wp-content\/uploads\/2023\/03\/P6270007-1.jpg 1500w\" sizes=\"auto, (max-width: 1024px) 100vw, 1024px\" \/><\/figure>\n<\/figure>\n","protected":false},"excerpt":{"rendered":"<p>Sie suchen den idealen Ort f\u00fcr eine Familienfeier, ein Treffen mit Freunden oder eine besondere Veranstaltung? Unsere gem\u00fctliche H\u00fctte steht Ihnen zur Verf\u00fcgung! Mit Platz f\u00fcr ca. 50 Personen bietet sie ausreichend Raum f\u00fcr gesellige Stunden. Die Terrasse l\u00e4dt zum Verweilen im Freien ein, w\u00e4hrend die Grillstelle perfekt f\u00fcr ein gemeinsames Barbecue ist. F\u00fcr dieContinue reading &rarr;<\/p>\n","protected":false},"author":1,"featured_media":0,"parent":0,"menu_order":0,"comment_status":"closed","ping_status":"closed","template":"","meta":{"footnotes":""},"class_list":["post-3397","page","type-page","status-publish","hentry","no-thumb"],"_links":{"self":[{"href":"http:\/\/www.hwv-ammerbuch.de\/index.php?rest_route=\/wp\/v2\/pages\/3397","targetHints":{"allow":["GET"]}}],"collection":[{"href":"http:\/\/www.hwv-ammerbuch.de\/index.php?rest_route=\/wp\/v2\/pages"}],"about":[{"href":"http:\/\/www.hwv-ammerbuch.de\/index.php?rest_route=\/wp\/v2\/types\/page"}],"author":[{"embeddable":true,"href":"http:\/\/www.hwv-ammerbuch.de\/index.php?rest_route=\/wp\/v2\/users\/1"}],"replies":[{"embeddable":true,"href":"http:\/\/www.hwv-ammerbuch.de\/index.php?rest_route=%2Fwp%2Fv2%2Fcomments&post=3397"}],"version-history":[{"count":5,"href":"http:\/\/www.hwv-ammerbuch.de\/index.php?rest_route=\/wp\/v2\/pages\/3397\/revisions"}],"predecessor-version":[{"id":3430,"href":"http:\/\/www.hwv-ammerbuch.de\/index.php?rest_route=\/wp\/v2\/pages\/3397\/revisions\/3430"}],"wp:attachment":[{"href":"http:\/\/www.hwv-ammerbuch.de\/index.php?rest_route=%2Fwp%2Fv2%2Fmedia&parent=3397"}],"curies":[{"name":"wp","href":"https:\/\/api.w.org\/{rel}","templated":true}]}}